{"id":813,"date":"2023-10-05T12:39:23","date_gmt":"2023-10-05T16:39:23","guid":{"rendered":"https:\/\/gaetanmarcil.com\/join-us\/"},"modified":"2023-10-18T09:55:44","modified_gmt":"2023-10-18T13:55:44","slug":"join-us","status":"publish","type":"page","link":"https:\/\/www.gaetanmarcil.com\/en\/join-us\/","title":{"rendered":"Join us"},"content":{"rendered":"\t\t<div data-elementor-type=\"wp-page\" data-elementor-id=\"813\" class=\"elementor elementor-813 elementor-600\" data-elementor-post-type=\"page\">\n\t\t\t\t<div class=\"elementor-element elementor-element-c77660d e-flex e-con-boxed e-con e-parent\" data-id=\"c77660d\" data-element_type=\"container\" data-e-type=\"container\" data-settings=\"{&quot;jet_parallax_layout_list&quot;:[]}\">\n\t\t\t\t\t<div class=\"e-con-inner\">\n\t\t\t\t<div class=\"elementor-element elementor-element-f9ac1b0 elementor-widget elementor-widget-heading\" data-id=\"f9ac1b0\" data-element_type=\"widget\" data-e-type=\"widget\" data-widget_type=\"heading.default\">\n\t\t\t\t<div class=\"elementor-widget-container\">\n\t\t\t\t\t<h1 class=\"elementor-heading-title elementor-size-default\">Join us<\/h1>\t\t\t\t<\/div>\n\t\t\t\t<\/div>\n\t\t\t\t\t<\/div>\n\t\t\t\t<\/div>\n\t\t<div class=\"elementor-element elementor-element-c74464f e-flex e-con-boxed e-con e-parent\" data-id=\"c74464f\" data-element_type=\"container\" data-e-type=\"container\" data-settings=\"{&quot;jet_parallax_layout_list&quot;:[]}\">\n\t\t\t\t\t<div class=\"e-con-inner\">\n\t\t<div class=\"elementor-element elementor-element-5c32770 e-con-full e-flex e-con e-child\" data-id=\"5c32770\" data-element_type=\"container\" data-e-type=\"container\" data-settings=\"{&quot;jet_parallax_layout_list&quot;:[]}\">\n\t\t\t\t<div class=\"elementor-element elementor-element-3f05c20 elementor-widget elementor-widget-heading\" data-id=\"3f05c20\" data-element_type=\"widget\" data-e-type=\"widget\" data-widget_type=\"heading.default\">\n\t\t\t\t<div class=\"elementor-widget-container\">\n\t\t\t\t\t<h2 class=\"elementor-heading-title elementor-size-default\">Join us by phone<\/h2>\t\t\t\t<\/div>\n\t\t\t\t<\/div>\n\t\t\t\t<div class=\"elementor-element elementor-element-406b89c elementor-widget elementor-widget-heading\" data-id=\"406b89c\" data-element_type=\"widget\" data-e-type=\"widget\" data-widget_type=\"heading.default\">\n\t\t\t\t<div class=\"elementor-widget-container\">\n\t\t\t\t\t<h6 class=\"elementor-heading-title elementor-size-default\"><a href=\"tel:450-471-6028\">450-471-6028<\/a><\/h6>\t\t\t\t<\/div>\n\t\t\t\t<\/div>\n\t\t\t\t<\/div>\n\t\t\t\t\t<\/div>\n\t\t\t\t<\/div>\n\t\t<div class=\"elementor-element elementor-element-c2879c8 e-flex e-con-boxed e-con e-parent\" data-id=\"c2879c8\" data-element_type=\"container\" data-e-type=\"container\" data-settings=\"{&quot;jet_parallax_layout_list&quot;:[]}\">\n\t\t\t\t\t<div class=\"e-con-inner\">\n\t\t\t\t<div class=\"elementor-element elementor-element-7c19828 elementor-widget-divider--view-line elementor-widget elementor-widget-divider\" data-id=\"7c19828\" data-element_type=\"widget\" data-e-type=\"widget\" data-widget_type=\"divider.default\">\n\t\t\t\t<div class=\"elementor-widget-container\">\n\t\t\t\t\t\t\t<div class=\"elementor-divider\">\n\t\t\t<span class=\"elementor-divider-separator\">\n\t\t\t\t\t\t<\/span>\n\t\t<\/div>\n\t\t\t\t\t\t<\/div>\n\t\t\t\t<\/div>\n\t\t\t\t<div class=\"elementor-element elementor-element-81225b4 elementor-widget elementor-widget-heading\" data-id=\"81225b4\" data-element_type=\"widget\" data-e-type=\"widget\" data-widget_type=\"heading.default\">\n\t\t\t\t<div class=\"elementor-widget-container\">\n\t\t\t\t\t<h2 class=\"elementor-heading-title elementor-size-default\">Join us by email<\/h2>\t\t\t\t<\/div>\n\t\t\t\t<\/div>\n\t\t\t\t<div class=\"elementor-element elementor-element-fe49458 elementor-widget elementor-widget-heading\" data-id=\"fe49458\" data-element_type=\"widget\" data-e-type=\"widget\" data-widget_type=\"heading.default\">\n\t\t\t\t<div class=\"elementor-widget-container\">\n\t\t\t\t\t<h6 class=\"elementor-heading-title elementor-size-default\"><a href=\"mailto:gml@gaetanmarcil.com?subject=Demande%20de%20service%20-%20Ga\u00e9tan%20Marcil%20Lt\u00e9e\">Service: gml@gaetanmarcil.com<\/a><\/h6>\t\t\t\t<\/div>\n\t\t\t\t<\/div>\n\t\t\t\t\t<\/div>\n\t\t\t\t<\/div>\n\t\t\t\t<\/div>\n\t\t","protected":false},"excerpt":{"rendered":"<p>Join us by phone 450-471-6028 Join us by email Service: gml@gaetanmarcil.com<\/p>\n","protected":false},"author":1,"featured_media":0,"parent":0,"menu_order":0,"comment_status":"closed","ping_status":"closed","template":"elementor_header_footer","meta":{"_monsterinsights_skip_tracking":false,"_monsterinsights_sitenote_active":false,"_monsterinsights_sitenote_note":"","_monsterinsights_sitenote_category":0,"footnotes":""},"class_list":["post-813","page","type-page","status-publish","hentry"],"yoast_head":"<!-- This site is optimized with the Yoast SEO plugin v27.3 - https:\/\/yoast.com\/product\/yoast-seo-wordpress\/ -->\n<title>Join us - Les Entreprises GML<\/title>\n<meta name=\"description\" content=\"Les entreprises d&#039;\u00e9lectricit\u00e9 Ga\u00e9tan Marcil Lt\u00e9e, Master \u00e9lectricien, Electrical contractor, Power cable, Cable termination, Cable splicing, Installations, Power cable repair, PILC Cable HV, XLPE cable HV, DC Hy-pot test, Live end cap, Modification HV\" \/>\n<meta name=\"robots\" content=\"index, follow, max-snippet:-1, max-image-preview:large, max-video-preview:-1\" \/>\n<link rel=\"canonical\" href=\"https:\/\/www.gaetanmarcil.com\/en\/join-us\/\" \/>\n<meta property=\"og:locale\" content=\"en_US\" \/>\n<meta property=\"og:type\" content=\"article\" \/>\n<meta property=\"og:title\" content=\"Join us - Les Entreprises GML\" \/>\n<meta property=\"og:description\" content=\"Les entreprises d&#039;\u00e9lectricit\u00e9 Ga\u00e9tan Marcil Lt\u00e9e, Master \u00e9lectricien, Electrical contractor, Power cable, Cable termination, Cable splicing, Installations, Power cable repair, PILC Cable HV, XLPE cable HV, DC Hy-pot test, Live end cap, Modification HV\" \/>\n<meta property=\"og:url\" content=\"https:\/\/www.gaetanmarcil.com\/en\/join-us\/\" \/>\n<meta property=\"og:site_name\" content=\"Les Entreprises GML\" \/>\n<meta property=\"article:modified_time\" content=\"2023-10-18T13:55:44+00:00\" \/>\n<meta name=\"twitter:card\" content=\"summary_large_image\" \/>\n<meta name=\"twitter:label1\" content=\"Est. reading time\" \/>\n\t<meta name=\"twitter:data1\" content=\"1 minute\" \/>\n<script type=\"application\/ld+json\" class=\"yoast-schema-graph\">{\"@context\":\"https:\\\/\\\/schema.org\",\"@graph\":[{\"@type\":\"WebPage\",\"@id\":\"https:\\\/\\\/www.gaetanmarcil.com\\\/en\\\/join-us\\\/\",\"url\":\"https:\\\/\\\/www.gaetanmarcil.com\\\/en\\\/join-us\\\/\",\"name\":\"Join us - Les Entreprises GML\",\"isPartOf\":{\"@id\":\"https:\\\/\\\/www.gaetanmarcil.com\\\/en\\\/#website\"},\"datePublished\":\"2023-10-05T16:39:23+00:00\",\"dateModified\":\"2023-10-18T13:55:44+00:00\",\"description\":\"Les entreprises d'\u00e9lectricit\u00e9 Ga\u00e9tan Marcil Lt\u00e9e, Master \u00e9lectricien, Electrical contractor, Power cable, Cable termination, Cable splicing, Installations, Power cable repair, PILC Cable HV, XLPE cable HV, DC Hy-pot test, Live end cap, Modification HV\",\"breadcrumb\":{\"@id\":\"https:\\\/\\\/www.gaetanmarcil.com\\\/en\\\/join-us\\\/#breadcrumb\"},\"inLanguage\":\"en-US\",\"potentialAction\":[{\"@type\":\"ReadAction\",\"target\":[\"https:\\\/\\\/www.gaetanmarcil.com\\\/en\\\/join-us\\\/\"]}]},{\"@type\":\"BreadcrumbList\",\"@id\":\"https:\\\/\\\/www.gaetanmarcil.com\\\/en\\\/join-us\\\/#breadcrumb\",\"itemListElement\":[{\"@type\":\"ListItem\",\"position\":1,\"name\":\"Accueil\",\"item\":\"https:\\\/\\\/www.gaetanmarcil.com\\\/en\\\/\"},{\"@type\":\"ListItem\",\"position\":2,\"name\":\"Join us\"}]},{\"@type\":\"WebSite\",\"@id\":\"https:\\\/\\\/www.gaetanmarcil.com\\\/en\\\/#website\",\"url\":\"https:\\\/\\\/www.gaetanmarcil.com\\\/en\\\/\",\"name\":\"Les Entreprises GML\",\"description\":\"\",\"publisher\":{\"@id\":\"https:\\\/\\\/www.gaetanmarcil.com\\\/en\\\/#organization\"},\"potentialAction\":[{\"@type\":\"SearchAction\",\"target\":{\"@type\":\"EntryPoint\",\"urlTemplate\":\"https:\\\/\\\/www.gaetanmarcil.com\\\/en\\\/?s={search_term_string}\"},\"query-input\":{\"@type\":\"PropertyValueSpecification\",\"valueRequired\":true,\"valueName\":\"search_term_string\"}}],\"inLanguage\":\"en-US\"},{\"@type\":\"Organization\",\"@id\":\"https:\\\/\\\/www.gaetanmarcil.com\\\/en\\\/#organization\",\"name\":\"Les Entreprises GML\",\"url\":\"https:\\\/\\\/www.gaetanmarcil.com\\\/en\\\/\",\"logo\":{\"@type\":\"ImageObject\",\"inLanguage\":\"en-US\",\"@id\":\"https:\\\/\\\/www.gaetanmarcil.com\\\/en\\\/#\\\/schema\\\/logo\\\/image\\\/\",\"url\":\"https:\\\/\\\/www.gaetanmarcil.com\\\/wp-content\\\/uploads\\\/2023\\\/09\\\/logo-ver5.png\",\"contentUrl\":\"https:\\\/\\\/www.gaetanmarcil.com\\\/wp-content\\\/uploads\\\/2023\\\/09\\\/logo-ver5.png\",\"width\":580,\"height\":130,\"caption\":\"Les Entreprises GML\"},\"image\":{\"@id\":\"https:\\\/\\\/www.gaetanmarcil.com\\\/en\\\/#\\\/schema\\\/logo\\\/image\\\/\"}}]}<\/script>\n<!-- \/ Yoast SEO plugin. -->","yoast_head_json":{"title":"Join us - Les Entreprises GML","description":"Les entreprises d'\u00e9lectricit\u00e9 Ga\u00e9tan Marcil Lt\u00e9e, Master \u00e9lectricien, Electrical contractor, Power cable, Cable termination, Cable splicing, Installations, Power cable repair, PILC Cable HV, XLPE cable HV, DC Hy-pot test, Live end cap, Modification HV","robots":{"index":"index","follow":"follow","max-snippet":"max-snippet:-1","max-image-preview":"max-image-preview:large","max-video-preview":"max-video-preview:-1"},"canonical":"https:\/\/www.gaetanmarcil.com\/en\/join-us\/","og_locale":"en_US","og_type":"article","og_title":"Join us - Les Entreprises GML","og_description":"Les entreprises d'\u00e9lectricit\u00e9 Ga\u00e9tan Marcil Lt\u00e9e, Master \u00e9lectricien, Electrical contractor, Power cable, Cable termination, Cable splicing, Installations, Power cable repair, PILC Cable HV, XLPE cable HV, DC Hy-pot test, Live end cap, Modification HV","og_url":"https:\/\/www.gaetanmarcil.com\/en\/join-us\/","og_site_name":"Les Entreprises GML","article_modified_time":"2023-10-18T13:55:44+00:00","twitter_card":"summary_large_image","twitter_misc":{"Est. reading time":"1 minute"},"schema":{"@context":"https:\/\/schema.org","@graph":[{"@type":"WebPage","@id":"https:\/\/www.gaetanmarcil.com\/en\/join-us\/","url":"https:\/\/www.gaetanmarcil.com\/en\/join-us\/","name":"Join us - Les Entreprises GML","isPartOf":{"@id":"https:\/\/www.gaetanmarcil.com\/en\/#website"},"datePublished":"2023-10-05T16:39:23+00:00","dateModified":"2023-10-18T13:55:44+00:00","description":"Les entreprises d'\u00e9lectricit\u00e9 Ga\u00e9tan Marcil Lt\u00e9e, Master \u00e9lectricien, Electrical contractor, Power cable, Cable termination, Cable splicing, Installations, Power cable repair, PILC Cable HV, XLPE cable HV, DC Hy-pot test, Live end cap, Modification HV","breadcrumb":{"@id":"https:\/\/www.gaetanmarcil.com\/en\/join-us\/#breadcrumb"},"inLanguage":"en-US","potentialAction":[{"@type":"ReadAction","target":["https:\/\/www.gaetanmarcil.com\/en\/join-us\/"]}]},{"@type":"BreadcrumbList","@id":"https:\/\/www.gaetanmarcil.com\/en\/join-us\/#breadcrumb","itemListElement":[{"@type":"ListItem","position":1,"name":"Accueil","item":"https:\/\/www.gaetanmarcil.com\/en\/"},{"@type":"ListItem","position":2,"name":"Join us"}]},{"@type":"WebSite","@id":"https:\/\/www.gaetanmarcil.com\/en\/#website","url":"https:\/\/www.gaetanmarcil.com\/en\/","name":"Les Entreprises GML","description":"","publisher":{"@id":"https:\/\/www.gaetanmarcil.com\/en\/#organization"},"potentialAction":[{"@type":"SearchAction","target":{"@type":"EntryPoint","urlTemplate":"https:\/\/www.gaetanmarcil.com\/en\/?s={search_term_string}"},"query-input":{"@type":"PropertyValueSpecification","valueRequired":true,"valueName":"search_term_string"}}],"inLanguage":"en-US"},{"@type":"Organization","@id":"https:\/\/www.gaetanmarcil.com\/en\/#organization","name":"Les Entreprises GML","url":"https:\/\/www.gaetanmarcil.com\/en\/","logo":{"@type":"ImageObject","inLanguage":"en-US","@id":"https:\/\/www.gaetanmarcil.com\/en\/#\/schema\/logo\/image\/","url":"https:\/\/www.gaetanmarcil.com\/wp-content\/uploads\/2023\/09\/logo-ver5.png","contentUrl":"https:\/\/www.gaetanmarcil.com\/wp-content\/uploads\/2023\/09\/logo-ver5.png","width":580,"height":130,"caption":"Les Entreprises GML"},"image":{"@id":"https:\/\/www.gaetanmarcil.com\/en\/#\/schema\/logo\/image\/"}}]}},"_links":{"self":[{"href":"https:\/\/www.gaetanmarcil.com\/en\/wp-json\/wp\/v2\/pages\/813","targetHints":{"allow":["GET"]}}],"collection":[{"href":"https:\/\/www.gaetanmarcil.com\/en\/wp-json\/wp\/v2\/pages"}],"about":[{"href":"https:\/\/www.gaetanmarcil.com\/en\/wp-json\/wp\/v2\/types\/page"}],"author":[{"embeddable":true,"href":"https:\/\/www.gaetanmarcil.com\/en\/wp-json\/wp\/v2\/users\/1"}],"replies":[{"embeddable":true,"href":"https:\/\/www.gaetanmarcil.com\/en\/wp-json\/wp\/v2\/comments?post=813"}],"version-history":[{"count":0,"href":"https:\/\/www.gaetanmarcil.com\/en\/wp-json\/wp\/v2\/pages\/813\/revisions"}],"wp:attachment":[{"href":"https:\/\/www.gaetanmarcil.com\/en\/wp-json\/wp\/v2\/media?parent=813"}],"curies":[{"name":"wp","href":"https:\/\/api.w.org\/{rel}","templated":true}]}}