{"id":805,"date":"2023-09-28T11:21:40","date_gmt":"2023-09-28T15:21:40","guid":{"rendered":"https:\/\/gaetanmarcil.com\/dielectric-tests\/"},"modified":"2023-10-13T10:08:54","modified_gmt":"2023-10-13T14:08:54","slug":"dielectric-tests","status":"publish","type":"page","link":"https:\/\/www.gaetanmarcil.com\/en\/dielectric-tests\/","title":{"rendered":"Dielectric tests"},"content":{"rendered":"\t\t<div data-elementor-type=\"wp-page\" data-elementor-id=\"805\" class=\"elementor elementor-805 elementor-362\" data-elementor-post-type=\"page\">\n\t\t\t\t<div class=\"elementor-element elementor-element-b247d86 e-flex e-con-boxed e-con e-parent\" data-id=\"b247d86\" data-element_type=\"container\" data-e-type=\"container\" data-settings=\"{&quot;jet_parallax_layout_list&quot;:[]}\">\n\t\t\t\t\t<div class=\"e-con-inner\">\n\t\t<div class=\"elementor-element elementor-element-effaac6 e-flex e-con-boxed e-con e-child\" data-id=\"effaac6\" data-element_type=\"container\" data-e-type=\"container\" data-settings=\"{&quot;jet_parallax_layout_list&quot;:[]}\">\n\t\t\t\t\t<div class=\"e-con-inner\">\n\t\t\t\t<div class=\"elementor-element elementor-element-5870620 elementor-widget elementor-widget-heading\" data-id=\"5870620\" data-element_type=\"widget\" data-e-type=\"widget\" data-widget_type=\"heading.default\">\n\t\t\t\t<div class=\"elementor-widget-container\">\n\t\t\t\t\t<h2 class=\"elementor-heading-title elementor-size-default\">Dielectric tests<\/h2>\t\t\t\t<\/div>\n\t\t\t\t<\/div>\n\t\t\t\t\t<\/div>\n\t\t\t\t<\/div>\n\t\t\t\t<div class=\"elementor-element elementor-element-ad1eae3 elementor-widget elementor-widget-ucaddon_uc_compact_image_theme\" data-id=\"ad1eae3\" data-element_type=\"widget\" data-e-type=\"widget\" data-widget_type=\"ucaddon_uc_compact_image_theme.default\">\n\t\t\t\t<div class=\"elementor-widget-container\">\n\t\t\t\t\t\n<!-- start Compact Gallery -->\n\t\t<link id='unitegallery-css' href='https:\/\/www.gaetanmarcil.com\/wp-content\/plugins\/unlimited-elements-for-elementor\/assets_libraries\/unitegallery\/css\/unite-gallery.css' type='text\/css' rel='stylesheet' >\n\n\n<div id=\"uc_uc_compact_image_theme_elementor_ad1eae3\" class=\"uc-items-wrapper  \" style=\"display:none; margin:0 auto;\"  data-remote-type=\"gallery\" data-custom-sethtml=\"true\" >\n\n\n<img decoding=\"async\" alt=\"DSCN7885-crop\"\n   src=\"https:\/\/www.gaetanmarcil.com\/wp-content\/uploads\/2023\/10\/DSCN7885-crop-768x576.jpg\"\n    data-image=\"https:\/\/www.gaetanmarcil.com\/wp-content\/uploads\/2023\/10\/DSCN7885-crop-2048x1536.jpg\"\n    data-title=\"DSCN7885-crop\">\n\n<img decoding=\"async\" alt=\"DSCN9575-crop\"\n   src=\"https:\/\/www.gaetanmarcil.com\/wp-content\/uploads\/2023\/10\/DSCN9575-crop-768x512.jpg\"\n    data-image=\"https:\/\/www.gaetanmarcil.com\/wp-content\/uploads\/2023\/10\/DSCN9575-crop-2048x1365.jpg\"\n    data-title=\"DSCN9575-crop\">\n\n<img decoding=\"async\" alt=\"DSCN0740\"\n   src=\"https:\/\/www.gaetanmarcil.com\/wp-content\/uploads\/2023\/09\/DSCN0740-scaled.jpg\"\n    data-image=\"https:\/\/www.gaetanmarcil.com\/wp-content\/uploads\/2023\/09\/DSCN0740-scaled.jpg\"\n    data-title=\"DSCN0740\">\n\n<img decoding=\"async\" alt=\"DSCN0115\"\n   src=\"https:\/\/www.gaetanmarcil.com\/wp-content\/uploads\/2023\/09\/DSCN0115-scaled.jpg\"\n    data-image=\"https:\/\/www.gaetanmarcil.com\/wp-content\/uploads\/2023\/09\/DSCN0115-scaled.jpg\"\n    data-title=\"DSCN0115\">\n\n<img decoding=\"async\" alt=\"DSCN0700\"\n   src=\"https:\/\/www.gaetanmarcil.com\/wp-content\/uploads\/2023\/09\/DSCN0700-768x576.jpg\"\n    data-image=\"https:\/\/www.gaetanmarcil.com\/wp-content\/uploads\/2023\/09\/DSCN0700-2048x1536.jpg\"\n    data-title=\"DSCN0700\">\n\n<img decoding=\"async\" alt=\"DSCN0645\"\n   src=\"https:\/\/www.gaetanmarcil.com\/wp-content\/uploads\/2023\/09\/DSCN0645-768x1024.jpg\"\n    data-image=\"https:\/\/www.gaetanmarcil.com\/wp-content\/uploads\/2023\/09\/DSCN0645-1536x2048.jpg\"\n    data-title=\"DSCN0645\">\n\n<img decoding=\"async\" alt=\"IMG_0367\"\n   src=\"https:\/\/www.gaetanmarcil.com\/wp-content\/uploads\/2023\/09\/IMG_0367-768x576.jpg\"\n    data-image=\"https:\/\/www.gaetanmarcil.com\/wp-content\/uploads\/2023\/09\/IMG_0367-2048x1536.jpg\"\n    data-title=\"IMG_0367\">\n\n  \n<\/div>\n<!-- end Compact Gallery -->\t\t\t\t<\/div>\n\t\t\t\t<\/div>\n\t\t\t\t\t<\/div>\n\t\t\t\t<\/div>\n\t\t\t\t<\/div>\n\t\t","protected":false},"excerpt":{"rendered":"","protected":false},"author":1,"featured_media":0,"parent":0,"menu_order":0,"comment_status":"closed","ping_status":"closed","template":"elementor_header_footer","meta":{"_monsterinsights_skip_tracking":false,"_monsterinsights_sitenote_active":false,"_monsterinsights_sitenote_note":"","_monsterinsights_sitenote_category":0,"footnotes":""},"class_list":["post-805","page","type-page","status-publish","hentry"],"yoast_head":"<!-- This site is optimized with the Yoast SEO plugin v27.3 - https:\/\/yoast.com\/product\/yoast-seo-wordpress\/ -->\n<title>Dielectric tests - Les Entreprises GML<\/title>\n<meta name=\"description\" content=\"Les entreprises d&#039;\u00e9lectricit\u00e9 Ga\u00e9tan Marcil Lt\u00e9e, Master \u00e9lectricien, Electrical contractor, Power cable, Cable termination, Cable splicing, Installations, Power cable repair, PILC Cable HV, XLPE cable HV, DC Hy-pot test, Live end cap, Modification HV\" \/>\n<meta name=\"robots\" content=\"index, follow, max-snippet:-1, max-image-preview:large, max-video-preview:-1\" \/>\n<link rel=\"canonical\" href=\"https:\/\/www.gaetanmarcil.com\/en\/dielectric-tests\/\" \/>\n<meta property=\"og:locale\" content=\"en_US\" \/>\n<meta property=\"og:type\" content=\"article\" \/>\n<meta property=\"og:title\" content=\"Dielectric tests - Les Entreprises GML\" \/>\n<meta property=\"og:description\" content=\"Les entreprises d&#039;\u00e9lectricit\u00e9 Ga\u00e9tan Marcil Lt\u00e9e, Master \u00e9lectricien, Electrical contractor, Power cable, Cable termination, Cable splicing, Installations, Power cable repair, PILC Cable HV, XLPE cable HV, DC Hy-pot test, Live end cap, Modification HV\" \/>\n<meta property=\"og:url\" content=\"https:\/\/www.gaetanmarcil.com\/en\/dielectric-tests\/\" \/>\n<meta property=\"og:site_name\" content=\"Les Entreprises GML\" \/>\n<meta property=\"article:modified_time\" content=\"2023-10-13T14:08:54+00:00\" \/>\n<meta property=\"og:image\" content=\"https:\/\/gaetanmarcil.com\/wp-content\/uploads\/2023\/10\/DSCN7885-crop-768x576.jpg\" \/>\n<meta name=\"twitter:card\" content=\"summary_large_image\" \/>\n<meta name=\"twitter:label1\" content=\"Est. reading time\" \/>\n\t<meta name=\"twitter:data1\" content=\"2 minutes\" \/>\n<script type=\"application\/ld+json\" class=\"yoast-schema-graph\">{\"@context\":\"https:\\\/\\\/schema.org\",\"@graph\":[{\"@type\":\"WebPage\",\"@id\":\"https:\\\/\\\/www.gaetanmarcil.com\\\/en\\\/dielectric-tests\\\/\",\"url\":\"https:\\\/\\\/www.gaetanmarcil.com\\\/en\\\/dielectric-tests\\\/\",\"name\":\"Dielectric tests - Les Entreprises GML\",\"isPartOf\":{\"@id\":\"https:\\\/\\\/www.gaetanmarcil.com\\\/en\\\/#website\"},\"primaryImageOfPage\":{\"@id\":\"https:\\\/\\\/www.gaetanmarcil.com\\\/en\\\/dielectric-tests\\\/#primaryimage\"},\"image\":{\"@id\":\"https:\\\/\\\/www.gaetanmarcil.com\\\/en\\\/dielectric-tests\\\/#primaryimage\"},\"thumbnailUrl\":\"https:\\\/\\\/gaetanmarcil.com\\\/wp-content\\\/uploads\\\/2023\\\/10\\\/DSCN7885-crop-768x576.jpg\",\"datePublished\":\"2023-09-28T15:21:40+00:00\",\"dateModified\":\"2023-10-13T14:08:54+00:00\",\"description\":\"Les entreprises d'\u00e9lectricit\u00e9 Ga\u00e9tan Marcil Lt\u00e9e, Master \u00e9lectricien, Electrical contractor, Power cable, Cable termination, Cable splicing, Installations, Power cable repair, PILC Cable HV, XLPE cable HV, DC Hy-pot test, Live end cap, Modification HV\",\"breadcrumb\":{\"@id\":\"https:\\\/\\\/www.gaetanmarcil.com\\\/en\\\/dielectric-tests\\\/#breadcrumb\"},\"inLanguage\":\"en-US\",\"potentialAction\":[{\"@type\":\"ReadAction\",\"target\":[\"https:\\\/\\\/www.gaetanmarcil.com\\\/en\\\/dielectric-tests\\\/\"]}]},{\"@type\":\"ImageObject\",\"inLanguage\":\"en-US\",\"@id\":\"https:\\\/\\\/www.gaetanmarcil.com\\\/en\\\/dielectric-tests\\\/#primaryimage\",\"url\":\"https:\\\/\\\/gaetanmarcil.com\\\/wp-content\\\/uploads\\\/2023\\\/10\\\/DSCN7885-crop-768x576.jpg\",\"contentUrl\":\"https:\\\/\\\/gaetanmarcil.com\\\/wp-content\\\/uploads\\\/2023\\\/10\\\/DSCN7885-crop-768x576.jpg\"},{\"@type\":\"BreadcrumbList\",\"@id\":\"https:\\\/\\\/www.gaetanmarcil.com\\\/en\\\/dielectric-tests\\\/#breadcrumb\",\"itemListElement\":[{\"@type\":\"ListItem\",\"position\":1,\"name\":\"Accueil\",\"item\":\"https:\\\/\\\/www.gaetanmarcil.com\\\/en\\\/\"},{\"@type\":\"ListItem\",\"position\":2,\"name\":\"Dielectric tests\"}]},{\"@type\":\"WebSite\",\"@id\":\"https:\\\/\\\/www.gaetanmarcil.com\\\/en\\\/#website\",\"url\":\"https:\\\/\\\/www.gaetanmarcil.com\\\/en\\\/\",\"name\":\"Les Entreprises GML\",\"description\":\"\",\"publisher\":{\"@id\":\"https:\\\/\\\/www.gaetanmarcil.com\\\/en\\\/#organization\"},\"potentialAction\":[{\"@type\":\"SearchAction\",\"target\":{\"@type\":\"EntryPoint\",\"urlTemplate\":\"https:\\\/\\\/www.gaetanmarcil.com\\\/en\\\/?s={search_term_string}\"},\"query-input\":{\"@type\":\"PropertyValueSpecification\",\"valueRequired\":true,\"valueName\":\"search_term_string\"}}],\"inLanguage\":\"en-US\"},{\"@type\":\"Organization\",\"@id\":\"https:\\\/\\\/www.gaetanmarcil.com\\\/en\\\/#organization\",\"name\":\"Les Entreprises GML\",\"url\":\"https:\\\/\\\/www.gaetanmarcil.com\\\/en\\\/\",\"logo\":{\"@type\":\"ImageObject\",\"inLanguage\":\"en-US\",\"@id\":\"https:\\\/\\\/www.gaetanmarcil.com\\\/en\\\/#\\\/schema\\\/logo\\\/image\\\/\",\"url\":\"https:\\\/\\\/www.gaetanmarcil.com\\\/wp-content\\\/uploads\\\/2023\\\/09\\\/logo-ver5.png\",\"contentUrl\":\"https:\\\/\\\/www.gaetanmarcil.com\\\/wp-content\\\/uploads\\\/2023\\\/09\\\/logo-ver5.png\",\"width\":580,\"height\":130,\"caption\":\"Les Entreprises GML\"},\"image\":{\"@id\":\"https:\\\/\\\/www.gaetanmarcil.com\\\/en\\\/#\\\/schema\\\/logo\\\/image\\\/\"}}]}<\/script>\n<!-- \/ Yoast SEO plugin. -->","yoast_head_json":{"title":"Dielectric tests - Les Entreprises GML","description":"Les entreprises d'\u00e9lectricit\u00e9 Ga\u00e9tan Marcil Lt\u00e9e, Master \u00e9lectricien, Electrical contractor, Power cable, Cable termination, Cable splicing, Installations, Power cable repair, PILC Cable HV, XLPE cable HV, DC Hy-pot test, Live end cap, Modification HV","robots":{"index":"index","follow":"follow","max-snippet":"max-snippet:-1","max-image-preview":"max-image-preview:large","max-video-preview":"max-video-preview:-1"},"canonical":"https:\/\/www.gaetanmarcil.com\/en\/dielectric-tests\/","og_locale":"en_US","og_type":"article","og_title":"Dielectric tests - Les Entreprises GML","og_description":"Les entreprises d'\u00e9lectricit\u00e9 Ga\u00e9tan Marcil Lt\u00e9e, Master \u00e9lectricien, Electrical contractor, Power cable, Cable termination, Cable splicing, Installations, Power cable repair, PILC Cable HV, XLPE cable HV, DC Hy-pot test, Live end cap, Modification HV","og_url":"https:\/\/www.gaetanmarcil.com\/en\/dielectric-tests\/","og_site_name":"Les Entreprises GML","article_modified_time":"2023-10-13T14:08:54+00:00","og_image":[{"url":"https:\/\/gaetanmarcil.com\/wp-content\/uploads\/2023\/10\/DSCN7885-crop-768x576.jpg","type":"","width":"","height":""}],"twitter_card":"summary_large_image","twitter_misc":{"Est. reading time":"2 minutes"},"schema":{"@context":"https:\/\/schema.org","@graph":[{"@type":"WebPage","@id":"https:\/\/www.gaetanmarcil.com\/en\/dielectric-tests\/","url":"https:\/\/www.gaetanmarcil.com\/en\/dielectric-tests\/","name":"Dielectric tests - Les Entreprises GML","isPartOf":{"@id":"https:\/\/www.gaetanmarcil.com\/en\/#website"},"primaryImageOfPage":{"@id":"https:\/\/www.gaetanmarcil.com\/en\/dielectric-tests\/#primaryimage"},"image":{"@id":"https:\/\/www.gaetanmarcil.com\/en\/dielectric-tests\/#primaryimage"},"thumbnailUrl":"https:\/\/gaetanmarcil.com\/wp-content\/uploads\/2023\/10\/DSCN7885-crop-768x576.jpg","datePublished":"2023-09-28T15:21:40+00:00","dateModified":"2023-10-13T14:08:54+00:00","description":"Les entreprises d'\u00e9lectricit\u00e9 Ga\u00e9tan Marcil Lt\u00e9e, Master \u00e9lectricien, Electrical contractor, Power cable, Cable termination, Cable splicing, Installations, Power cable repair, PILC Cable HV, XLPE cable HV, DC Hy-pot test, Live end cap, Modification HV","breadcrumb":{"@id":"https:\/\/www.gaetanmarcil.com\/en\/dielectric-tests\/#breadcrumb"},"inLanguage":"en-US","potentialAction":[{"@type":"ReadAction","target":["https:\/\/www.gaetanmarcil.com\/en\/dielectric-tests\/"]}]},{"@type":"ImageObject","inLanguage":"en-US","@id":"https:\/\/www.gaetanmarcil.com\/en\/dielectric-tests\/#primaryimage","url":"https:\/\/gaetanmarcil.com\/wp-content\/uploads\/2023\/10\/DSCN7885-crop-768x576.jpg","contentUrl":"https:\/\/gaetanmarcil.com\/wp-content\/uploads\/2023\/10\/DSCN7885-crop-768x576.jpg"},{"@type":"BreadcrumbList","@id":"https:\/\/www.gaetanmarcil.com\/en\/dielectric-tests\/#breadcrumb","itemListElement":[{"@type":"ListItem","position":1,"name":"Accueil","item":"https:\/\/www.gaetanmarcil.com\/en\/"},{"@type":"ListItem","position":2,"name":"Dielectric tests"}]},{"@type":"WebSite","@id":"https:\/\/www.gaetanmarcil.com\/en\/#website","url":"https:\/\/www.gaetanmarcil.com\/en\/","name":"Les Entreprises GML","description":"","publisher":{"@id":"https:\/\/www.gaetanmarcil.com\/en\/#organization"},"potentialAction":[{"@type":"SearchAction","target":{"@type":"EntryPoint","urlTemplate":"https:\/\/www.gaetanmarcil.com\/en\/?s={search_term_string}"},"query-input":{"@type":"PropertyValueSpecification","valueRequired":true,"valueName":"search_term_string"}}],"inLanguage":"en-US"},{"@type":"Organization","@id":"https:\/\/www.gaetanmarcil.com\/en\/#organization","name":"Les Entreprises GML","url":"https:\/\/www.gaetanmarcil.com\/en\/","logo":{"@type":"ImageObject","inLanguage":"en-US","@id":"https:\/\/www.gaetanmarcil.com\/en\/#\/schema\/logo\/image\/","url":"https:\/\/www.gaetanmarcil.com\/wp-content\/uploads\/2023\/09\/logo-ver5.png","contentUrl":"https:\/\/www.gaetanmarcil.com\/wp-content\/uploads\/2023\/09\/logo-ver5.png","width":580,"height":130,"caption":"Les Entreprises GML"},"image":{"@id":"https:\/\/www.gaetanmarcil.com\/en\/#\/schema\/logo\/image\/"}}]}},"_links":{"self":[{"href":"https:\/\/www.gaetanmarcil.com\/en\/wp-json\/wp\/v2\/pages\/805","targetHints":{"allow":["GET"]}}],"collection":[{"href":"https:\/\/www.gaetanmarcil.com\/en\/wp-json\/wp\/v2\/pages"}],"about":[{"href":"https:\/\/www.gaetanmarcil.com\/en\/wp-json\/wp\/v2\/types\/page"}],"author":[{"embeddable":true,"href":"https:\/\/www.gaetanmarcil.com\/en\/wp-json\/wp\/v2\/users\/1"}],"replies":[{"embeddable":true,"href":"https:\/\/www.gaetanmarcil.com\/en\/wp-json\/wp\/v2\/comments?post=805"}],"version-history":[{"count":0,"href":"https:\/\/www.gaetanmarcil.com\/en\/wp-json\/wp\/v2\/pages\/805\/revisions"}],"wp:attachment":[{"href":"https:\/\/www.gaetanmarcil.com\/en\/wp-json\/wp\/v2\/media?parent=805"}],"curies":[{"name":"wp","href":"https:\/\/api.w.org\/{rel}","templated":true}]}}