{"id":801,"date":"2023-09-28T11:11:06","date_gmt":"2023-09-28T15:11:06","guid":{"rendered":"https:\/\/gaetanmarcil.com\/splices-on-power-cables\/"},"modified":"2023-10-13T10:14:37","modified_gmt":"2023-10-13T14:14:37","slug":"splices-power-cables","status":"publish","type":"page","link":"https:\/\/www.gaetanmarcil.com\/en\/splices-power-cables\/","title":{"rendered":"Splices on power cables"},"content":{"rendered":"\t\t<div data-elementor-type=\"wp-page\" data-elementor-id=\"801\" class=\"elementor elementor-801 elementor-332\" data-elementor-post-type=\"page\">\n\t\t\t\t<div class=\"elementor-element elementor-element-4867194 e-flex e-con-boxed e-con e-parent\" data-id=\"4867194\" data-element_type=\"container\" data-e-type=\"container\" data-settings=\"{&quot;jet_parallax_layout_list&quot;:[]}\">\n\t\t\t\t\t<div class=\"e-con-inner\">\n\t\t<div class=\"elementor-element elementor-element-44fc221 e-flex e-con-boxed e-con e-child\" data-id=\"44fc221\" data-element_type=\"container\" data-e-type=\"container\" data-settings=\"{&quot;jet_parallax_layout_list&quot;:[]}\">\n\t\t\t\t\t<div class=\"e-con-inner\">\n\t\t\t\t<div class=\"elementor-element elementor-element-621e5ed elementor-widget elementor-widget-heading\" data-id=\"621e5ed\" data-element_type=\"widget\" data-e-type=\"widget\" data-widget_type=\"heading.default\">\n\t\t\t\t<div class=\"elementor-widget-container\">\n\t\t\t\t\t<h2 class=\"elementor-heading-title elementor-size-default\">Splices on power cables<\/h2>\t\t\t\t<\/div>\n\t\t\t\t<\/div>\n\t\t\t\t\t<\/div>\n\t\t\t\t<\/div>\n\t\t\t\t<div class=\"elementor-element elementor-element-e0eb838 elementor-widget elementor-widget-ucaddon_uc_compact_image_theme\" data-id=\"e0eb838\" data-element_type=\"widget\" data-e-type=\"widget\" data-widget_type=\"ucaddon_uc_compact_image_theme.default\">\n\t\t\t\t<div class=\"elementor-widget-container\">\n\t\t\t\t\t\n<!-- start Compact Gallery -->\n\t\t<link id='unitegallery-css' href='https:\/\/www.gaetanmarcil.com\/wp-content\/plugins\/unlimited-elements-for-elementor\/assets_libraries\/unitegallery\/css\/unite-gallery.css' type='text\/css' rel='stylesheet' >\n\n\n<div id=\"uc_uc_compact_image_theme_elementor_e0eb838\" class=\"uc-items-wrapper  \" style=\"display:none; margin:0 auto;\"  data-remote-type=\"gallery\" data-custom-sethtml=\"true\" >\n\n\n<img decoding=\"async\" alt=\"epissures-cables-puissance (1)\"\n   src=\"https:\/\/www.gaetanmarcil.com\/wp-content\/uploads\/2023\/09\/epissures-cables-puissance-1-768x1024.jpg\"\n    data-image=\"https:\/\/www.gaetanmarcil.com\/wp-content\/uploads\/2023\/09\/epissures-cables-puissance-1-1536x2048.jpg\"\n    data-title=\"epissures-cables-puissance (1)\">\n\n<img decoding=\"async\" alt=\"epissures-cables-puissance (9)\"\n   src=\"https:\/\/www.gaetanmarcil.com\/wp-content\/uploads\/2023\/09\/epissures-cables-puissance-9-768x576.jpg\"\n    data-image=\"https:\/\/www.gaetanmarcil.com\/wp-content\/uploads\/2023\/09\/epissures-cables-puissance-9-2048x1536.jpg\"\n    data-title=\"epissures-cables-puissance (9)\">\n\n<img decoding=\"async\" alt=\"epissures-cables-puissance (8)\"\n   src=\"https:\/\/www.gaetanmarcil.com\/wp-content\/uploads\/2023\/09\/epissures-cables-puissance-8-scaled.jpg\"\n    data-image=\"https:\/\/www.gaetanmarcil.com\/wp-content\/uploads\/2023\/09\/epissures-cables-puissance-8-scaled.jpg\"\n    data-title=\"epissures-cables-puissance (8)\">\n\n<img decoding=\"async\" alt=\"epissures-cables-puissance (7)\"\n   src=\"https:\/\/www.gaetanmarcil.com\/wp-content\/uploads\/2023\/09\/epissures-cables-puissance-7-scaled.jpg\"\n    data-image=\"https:\/\/www.gaetanmarcil.com\/wp-content\/uploads\/2023\/09\/epissures-cables-puissance-7-scaled.jpg\"\n    data-title=\"epissures-cables-puissance (7)\">\n\n<img decoding=\"async\" alt=\"epissures-cables-puissance (6)\"\n   src=\"https:\/\/www.gaetanmarcil.com\/wp-content\/uploads\/2023\/09\/epissures-cables-puissance-6-768x576.jpg\"\n    data-image=\"https:\/\/www.gaetanmarcil.com\/wp-content\/uploads\/2023\/09\/epissures-cables-puissance-6-2048x1536.jpg\"\n    data-title=\"epissures-cables-puissance (6)\">\n\n<img decoding=\"async\" alt=\"epissures-cables-puissance (5)\"\n   src=\"https:\/\/www.gaetanmarcil.com\/wp-content\/uploads\/2023\/09\/epissures-cables-puissance-5-768x576.jpg\"\n    data-image=\"https:\/\/www.gaetanmarcil.com\/wp-content\/uploads\/2023\/09\/epissures-cables-puissance-5-2048x1536.jpg\"\n    data-title=\"epissures-cables-puissance (5)\">\n\n<img decoding=\"async\" alt=\"epissures-cables-puissance (4)\"\n   src=\"https:\/\/www.gaetanmarcil.com\/wp-content\/uploads\/2023\/09\/epissures-cables-puissance-4-scaled.jpg\"\n    data-image=\"https:\/\/www.gaetanmarcil.com\/wp-content\/uploads\/2023\/09\/epissures-cables-puissance-4-scaled.jpg\"\n    data-title=\"epissures-cables-puissance (4)\">\n\n<img decoding=\"async\" alt=\"epissures-cables-puissance (3)\"\n   src=\"https:\/\/www.gaetanmarcil.com\/wp-content\/uploads\/2023\/09\/epissures-cables-puissance-3-scaled.jpg\"\n    data-image=\"https:\/\/www.gaetanmarcil.com\/wp-content\/uploads\/2023\/09\/epissures-cables-puissance-3-scaled.jpg\"\n    data-title=\"epissures-cables-puissance (3)\">\n\n<img decoding=\"async\" alt=\"epissures-cables-puissance (2)\"\n   src=\"https:\/\/www.gaetanmarcil.com\/wp-content\/uploads\/2023\/09\/epissures-cables-puissance-2-768x576.jpg\"\n    data-image=\"https:\/\/www.gaetanmarcil.com\/wp-content\/uploads\/2023\/09\/epissures-cables-puissance-2-2048x1536.jpg\"\n    data-title=\"epissures-cables-puissance (2)\">\n\n<img decoding=\"async\" alt=\"2015-01-21-13\"\n   src=\"https:\/\/www.gaetanmarcil.com\/wp-content\/uploads\/2023\/09\/2015-01-21-13.33-768x1024.jpg\"\n    data-image=\"https:\/\/www.gaetanmarcil.com\/wp-content\/uploads\/2023\/09\/2015-01-21-13.33-1536x2048.jpg\"\n    data-title=\"2015-01-21-13\">\n\n<img decoding=\"async\" alt=\"2015-01-21-13.33\"\n   src=\"https:\/\/www.gaetanmarcil.com\/wp-content\/uploads\/2023\/09\/2015-01-21-13.33.56-768x1024.jpg\"\n    data-image=\"https:\/\/www.gaetanmarcil.com\/wp-content\/uploads\/2023\/09\/2015-01-21-13.33.56-1536x2048.jpg\"\n    data-title=\"2015-01-21-13.33\">\n\n  \n<\/div>\n<!-- end Compact Gallery -->\t\t\t\t<\/div>\n\t\t\t\t<\/div>\n\t\t\t\t\t<\/div>\n\t\t\t\t<\/div>\n\t\t\t\t<\/div>\n\t\t","protected":false},"excerpt":{"rendered":"","protected":false},"author":1,"featured_media":0,"parent":0,"menu_order":0,"comment_status":"closed","ping_status":"closed","template":"elementor_header_footer","meta":{"_monsterinsights_skip_tracking":false,"_monsterinsights_sitenote_active":false,"_monsterinsights_sitenote_note":"","_monsterinsights_sitenote_category":0,"footnotes":""},"class_list":["post-801","page","type-page","status-publish","hentry"],"yoast_head":"<!-- This site is optimized with the Yoast SEO plugin v27.3 - https:\/\/yoast.com\/product\/yoast-seo-wordpress\/ -->\n<title>Splices on power cables - Les Entreprises GML<\/title>\n<meta name=\"description\" content=\"Les entreprises d&#039;\u00e9lectricit\u00e9 Ga\u00e9tan Marcil Lt\u00e9e, Master \u00e9lectricien, Electrical contractor, Power cable, Cable termination, Cable splicing, Installations, Power cable repair, PILC Cable HV, XLPE cable HV, DC Hy-pot test, Live end cap, Modification HV\" \/>\n<meta name=\"robots\" content=\"index, follow, max-snippet:-1, max-image-preview:large, max-video-preview:-1\" \/>\n<link rel=\"canonical\" href=\"https:\/\/www.gaetanmarcil.com\/en\/splices-power-cables\/\" \/>\n<meta property=\"og:locale\" content=\"en_US\" \/>\n<meta property=\"og:type\" content=\"article\" \/>\n<meta property=\"og:title\" content=\"Splices on power cables - Les Entreprises GML\" \/>\n<meta property=\"og:description\" content=\"Les entreprises d&#039;\u00e9lectricit\u00e9 Ga\u00e9tan Marcil Lt\u00e9e, Master \u00e9lectricien, Electrical contractor, Power cable, Cable termination, Cable splicing, Installations, Power cable repair, PILC Cable HV, XLPE cable HV, DC Hy-pot test, Live end cap, Modification HV\" \/>\n<meta property=\"og:url\" content=\"https:\/\/www.gaetanmarcil.com\/en\/splices-power-cables\/\" \/>\n<meta property=\"og:site_name\" content=\"Les Entreprises GML\" \/>\n<meta property=\"article:modified_time\" content=\"2023-10-13T14:14:37+00:00\" \/>\n<meta property=\"og:image\" content=\"https:\/\/gaetanmarcil.com\/wp-content\/uploads\/2023\/09\/epissures-cables-puissance-1-768x1024.jpg\" \/>\n<meta name=\"twitter:card\" content=\"summary_large_image\" \/>\n<meta name=\"twitter:label1\" content=\"Est. reading time\" \/>\n\t<meta name=\"twitter:data1\" content=\"3 minutes\" \/>\n<script type=\"application\/ld+json\" class=\"yoast-schema-graph\">{\"@context\":\"https:\\\/\\\/schema.org\",\"@graph\":[{\"@type\":\"WebPage\",\"@id\":\"https:\\\/\\\/www.gaetanmarcil.com\\\/en\\\/splices-power-cables\\\/\",\"url\":\"https:\\\/\\\/www.gaetanmarcil.com\\\/en\\\/splices-power-cables\\\/\",\"name\":\"Splices on power cables - Les Entreprises GML\",\"isPartOf\":{\"@id\":\"https:\\\/\\\/www.gaetanmarcil.com\\\/en\\\/#website\"},\"primaryImageOfPage\":{\"@id\":\"https:\\\/\\\/www.gaetanmarcil.com\\\/en\\\/splices-power-cables\\\/#primaryimage\"},\"image\":{\"@id\":\"https:\\\/\\\/www.gaetanmarcil.com\\\/en\\\/splices-power-cables\\\/#primaryimage\"},\"thumbnailUrl\":\"https:\\\/\\\/gaetanmarcil.com\\\/wp-content\\\/uploads\\\/2023\\\/09\\\/epissures-cables-puissance-1-768x1024.jpg\",\"datePublished\":\"2023-09-28T15:11:06+00:00\",\"dateModified\":\"2023-10-13T14:14:37+00:00\",\"description\":\"Les entreprises d'\u00e9lectricit\u00e9 Ga\u00e9tan Marcil Lt\u00e9e, Master \u00e9lectricien, Electrical contractor, Power cable, Cable termination, Cable splicing, Installations, Power cable repair, PILC Cable HV, XLPE cable HV, DC Hy-pot test, Live end cap, Modification HV\",\"breadcrumb\":{\"@id\":\"https:\\\/\\\/www.gaetanmarcil.com\\\/en\\\/splices-power-cables\\\/#breadcrumb\"},\"inLanguage\":\"en-US\",\"potentialAction\":[{\"@type\":\"ReadAction\",\"target\":[\"https:\\\/\\\/www.gaetanmarcil.com\\\/en\\\/splices-power-cables\\\/\"]}]},{\"@type\":\"ImageObject\",\"inLanguage\":\"en-US\",\"@id\":\"https:\\\/\\\/www.gaetanmarcil.com\\\/en\\\/splices-power-cables\\\/#primaryimage\",\"url\":\"https:\\\/\\\/gaetanmarcil.com\\\/wp-content\\\/uploads\\\/2023\\\/09\\\/epissures-cables-puissance-1-768x1024.jpg\",\"contentUrl\":\"https:\\\/\\\/gaetanmarcil.com\\\/wp-content\\\/uploads\\\/2023\\\/09\\\/epissures-cables-puissance-1-768x1024.jpg\"},{\"@type\":\"BreadcrumbList\",\"@id\":\"https:\\\/\\\/www.gaetanmarcil.com\\\/en\\\/splices-power-cables\\\/#breadcrumb\",\"itemListElement\":[{\"@type\":\"ListItem\",\"position\":1,\"name\":\"Accueil\",\"item\":\"https:\\\/\\\/www.gaetanmarcil.com\\\/en\\\/\"},{\"@type\":\"ListItem\",\"position\":2,\"name\":\"Splices on power cables\"}]},{\"@type\":\"WebSite\",\"@id\":\"https:\\\/\\\/www.gaetanmarcil.com\\\/en\\\/#website\",\"url\":\"https:\\\/\\\/www.gaetanmarcil.com\\\/en\\\/\",\"name\":\"Les Entreprises GML\",\"description\":\"\",\"publisher\":{\"@id\":\"https:\\\/\\\/www.gaetanmarcil.com\\\/en\\\/#organization\"},\"potentialAction\":[{\"@type\":\"SearchAction\",\"target\":{\"@type\":\"EntryPoint\",\"urlTemplate\":\"https:\\\/\\\/www.gaetanmarcil.com\\\/en\\\/?s={search_term_string}\"},\"query-input\":{\"@type\":\"PropertyValueSpecification\",\"valueRequired\":true,\"valueName\":\"search_term_string\"}}],\"inLanguage\":\"en-US\"},{\"@type\":\"Organization\",\"@id\":\"https:\\\/\\\/www.gaetanmarcil.com\\\/en\\\/#organization\",\"name\":\"Les Entreprises GML\",\"url\":\"https:\\\/\\\/www.gaetanmarcil.com\\\/en\\\/\",\"logo\":{\"@type\":\"ImageObject\",\"inLanguage\":\"en-US\",\"@id\":\"https:\\\/\\\/www.gaetanmarcil.com\\\/en\\\/#\\\/schema\\\/logo\\\/image\\\/\",\"url\":\"https:\\\/\\\/www.gaetanmarcil.com\\\/wp-content\\\/uploads\\\/2023\\\/09\\\/logo-ver5.png\",\"contentUrl\":\"https:\\\/\\\/www.gaetanmarcil.com\\\/wp-content\\\/uploads\\\/2023\\\/09\\\/logo-ver5.png\",\"width\":580,\"height\":130,\"caption\":\"Les Entreprises GML\"},\"image\":{\"@id\":\"https:\\\/\\\/www.gaetanmarcil.com\\\/en\\\/#\\\/schema\\\/logo\\\/image\\\/\"}}]}<\/script>\n<!-- \/ Yoast SEO plugin. -->","yoast_head_json":{"title":"Splices on power cables - Les Entreprises GML","description":"Les entreprises d'\u00e9lectricit\u00e9 Ga\u00e9tan Marcil Lt\u00e9e, Master \u00e9lectricien, Electrical contractor, Power cable, Cable termination, Cable splicing, Installations, Power cable repair, PILC Cable HV, XLPE cable HV, DC Hy-pot test, Live end cap, Modification HV","robots":{"index":"index","follow":"follow","max-snippet":"max-snippet:-1","max-image-preview":"max-image-preview:large","max-video-preview":"max-video-preview:-1"},"canonical":"https:\/\/www.gaetanmarcil.com\/en\/splices-power-cables\/","og_locale":"en_US","og_type":"article","og_title":"Splices on power cables - Les Entreprises GML","og_description":"Les entreprises d'\u00e9lectricit\u00e9 Ga\u00e9tan Marcil Lt\u00e9e, Master \u00e9lectricien, Electrical contractor, Power cable, Cable termination, Cable splicing, Installations, Power cable repair, PILC Cable HV, XLPE cable HV, DC Hy-pot test, Live end cap, Modification HV","og_url":"https:\/\/www.gaetanmarcil.com\/en\/splices-power-cables\/","og_site_name":"Les Entreprises GML","article_modified_time":"2023-10-13T14:14:37+00:00","og_image":[{"url":"https:\/\/gaetanmarcil.com\/wp-content\/uploads\/2023\/09\/epissures-cables-puissance-1-768x1024.jpg","type":"","width":"","height":""}],"twitter_card":"summary_large_image","twitter_misc":{"Est. reading time":"3 minutes"},"schema":{"@context":"https:\/\/schema.org","@graph":[{"@type":"WebPage","@id":"https:\/\/www.gaetanmarcil.com\/en\/splices-power-cables\/","url":"https:\/\/www.gaetanmarcil.com\/en\/splices-power-cables\/","name":"Splices on power cables - Les Entreprises GML","isPartOf":{"@id":"https:\/\/www.gaetanmarcil.com\/en\/#website"},"primaryImageOfPage":{"@id":"https:\/\/www.gaetanmarcil.com\/en\/splices-power-cables\/#primaryimage"},"image":{"@id":"https:\/\/www.gaetanmarcil.com\/en\/splices-power-cables\/#primaryimage"},"thumbnailUrl":"https:\/\/gaetanmarcil.com\/wp-content\/uploads\/2023\/09\/epissures-cables-puissance-1-768x1024.jpg","datePublished":"2023-09-28T15:11:06+00:00","dateModified":"2023-10-13T14:14:37+00:00","description":"Les entreprises d'\u00e9lectricit\u00e9 Ga\u00e9tan Marcil Lt\u00e9e, Master \u00e9lectricien, Electrical contractor, Power cable, Cable termination, Cable splicing, Installations, Power cable repair, PILC Cable HV, XLPE cable HV, DC Hy-pot test, Live end cap, Modification HV","breadcrumb":{"@id":"https:\/\/www.gaetanmarcil.com\/en\/splices-power-cables\/#breadcrumb"},"inLanguage":"en-US","potentialAction":[{"@type":"ReadAction","target":["https:\/\/www.gaetanmarcil.com\/en\/splices-power-cables\/"]}]},{"@type":"ImageObject","inLanguage":"en-US","@id":"https:\/\/www.gaetanmarcil.com\/en\/splices-power-cables\/#primaryimage","url":"https:\/\/gaetanmarcil.com\/wp-content\/uploads\/2023\/09\/epissures-cables-puissance-1-768x1024.jpg","contentUrl":"https:\/\/gaetanmarcil.com\/wp-content\/uploads\/2023\/09\/epissures-cables-puissance-1-768x1024.jpg"},{"@type":"BreadcrumbList","@id":"https:\/\/www.gaetanmarcil.com\/en\/splices-power-cables\/#breadcrumb","itemListElement":[{"@type":"ListItem","position":1,"name":"Accueil","item":"https:\/\/www.gaetanmarcil.com\/en\/"},{"@type":"ListItem","position":2,"name":"Splices on power cables"}]},{"@type":"WebSite","@id":"https:\/\/www.gaetanmarcil.com\/en\/#website","url":"https:\/\/www.gaetanmarcil.com\/en\/","name":"Les Entreprises GML","description":"","publisher":{"@id":"https:\/\/www.gaetanmarcil.com\/en\/#organization"},"potentialAction":[{"@type":"SearchAction","target":{"@type":"EntryPoint","urlTemplate":"https:\/\/www.gaetanmarcil.com\/en\/?s={search_term_string}"},"query-input":{"@type":"PropertyValueSpecification","valueRequired":true,"valueName":"search_term_string"}}],"inLanguage":"en-US"},{"@type":"Organization","@id":"https:\/\/www.gaetanmarcil.com\/en\/#organization","name":"Les Entreprises GML","url":"https:\/\/www.gaetanmarcil.com\/en\/","logo":{"@type":"ImageObject","inLanguage":"en-US","@id":"https:\/\/www.gaetanmarcil.com\/en\/#\/schema\/logo\/image\/","url":"https:\/\/www.gaetanmarcil.com\/wp-content\/uploads\/2023\/09\/logo-ver5.png","contentUrl":"https:\/\/www.gaetanmarcil.com\/wp-content\/uploads\/2023\/09\/logo-ver5.png","width":580,"height":130,"caption":"Les Entreprises GML"},"image":{"@id":"https:\/\/www.gaetanmarcil.com\/en\/#\/schema\/logo\/image\/"}}]}},"_links":{"self":[{"href":"https:\/\/www.gaetanmarcil.com\/en\/wp-json\/wp\/v2\/pages\/801","targetHints":{"allow":["GET"]}}],"collection":[{"href":"https:\/\/www.gaetanmarcil.com\/en\/wp-json\/wp\/v2\/pages"}],"about":[{"href":"https:\/\/www.gaetanmarcil.com\/en\/wp-json\/wp\/v2\/types\/page"}],"author":[{"embeddable":true,"href":"https:\/\/www.gaetanmarcil.com\/en\/wp-json\/wp\/v2\/users\/1"}],"replies":[{"embeddable":true,"href":"https:\/\/www.gaetanmarcil.com\/en\/wp-json\/wp\/v2\/comments?post=801"}],"version-history":[{"count":0,"href":"https:\/\/www.gaetanmarcil.com\/en\/wp-json\/wp\/v2\/pages\/801\/revisions"}],"wp:attachment":[{"href":"https:\/\/www.gaetanmarcil.com\/en\/wp-json\/wp\/v2\/media?parent=801"}],"curies":[{"name":"wp","href":"https:\/\/api.w.org\/{rel}","templated":true}]}}